{"id":62,"date":"2025-12-14T12:53:39","date_gmt":"2025-12-14T12:53:39","guid":{"rendered":"http:\/\/www.alionline.web.tr\/?page_id=62"},"modified":"2025-12-14T12:53:40","modified_gmt":"2025-12-14T12:53:40","slug":"turkce","status":"publish","type":"page","link":"https:\/\/www.alionline.web.tr\/index.php\/turkce\/","title":{"rendered":"T\u00fcrk\u00e7e"},"content":{"rendered":"\n<p>Ali Altuncevahir; m\u00fczik, ses teknolojileri, enstr\u00fcman bak\u0131m ve akort teknikleri alanlar\u0131nda uzmanla\u015fm\u0131\u015f bir sanat\u00e7\u0131, yazar ve uygulay\u0131c\u0131d\u0131r. Uzun y\u0131llard\u0131r konser salonlar\u0131, k\u00fclt\u00fcr merkezleri ve akademik ortamlarda aktif olarak \u00e7al\u0131\u015fmakta; sanat\u0131 teknik disiplinle, d\u00fc\u015f\u00fcnceyle ve insan psikolojisiyle birlikte ele almaktad\u0131r.<\/p>\n\n\n\n<p>Profesyonel kariyerini \u0130stanbul Atat\u00fcrk K\u00fclt\u00fcr Merkezi\u2019nde (AKM) s\u00fcrd\u00fcrmekte; \u0130stanbul Senfoni Orkestras\u0131 ba\u015fta olmak \u00fczere \u00e7e\u015fitli topluluklar\u0131n kay\u0131t s\u00fcre\u00e7lerinde g\u00f6rev almakta ve konser piyanolar\u0131n\u0131n bak\u0131m ve akort \u00e7al\u0131\u015fmalar\u0131n\u0131 y\u00fcr\u00fctmektedir. Piyano akort ve mekanik d\u00fczenleme konusundaki uzmanl\u0131\u011f\u0131, sahne performanslar\u0131n\u0131n teknik do\u011frulu\u011fu kadar sanatsal b\u00fct\u00fcnl\u00fc\u011f\u00fcn\u00fc de merkeze al\u0131r.<\/p>\n\n\n\n<p>Ali Altuncevahir ayn\u0131 zamanda besteci ve icrac\u0131d\u0131r. Piyano ve \u00fc\u00e7 telli saz \u00e7almakta, vokal \u00e7al\u0131\u015fmalar yapmakta; m\u00fczi\u011finde i\u00e7sel s\u00fcre\u00e7ler, toplumsal temalar ve zihinsel yap\u0131lar\u0131n ritmik kar\u015f\u0131l\u0131klar\u0131n\u0131 ara\u015ft\u0131rmaktad\u0131r. \u201cPulse\u201d ve \u201cWeird\u201d adl\u0131 m\u00fczik \u00e7al\u0131\u015fmalar\u0131 dijital platformlarda yay\u0131mlanm\u0131\u015ft\u0131r.<\/p>\n\n\n\n<p>Yaz\u0131n alan\u0131nda ise&nbsp;<em>Bulut ve Y\u0131ld\u0131z<\/em>,&nbsp;<em>Ay G\u00fcne\u015f D\u00fcnya<\/em>&nbsp;ve&nbsp;<em>Qui<\/em>&nbsp;adl\u0131 eserlerin yazar\u0131d\u0131r. \u00d6zellikle&nbsp;<em>Qui<\/em>, zihinsel dayan\u0131kl\u0131l\u0131k, haf\u0131za, kodlama ve iyile\u015fme s\u00fcre\u00e7lerini ki\u015fisel deneyim, bilimsel bak\u0131\u015f ve hik\u00e2ye anlat\u0131m\u0131yla bir araya getiren \u00f6zg\u00fcn bir \u00e7al\u0131\u015fmad\u0131r. Bu do\u011frultuda geli\u015ftirdi\u011fi y\u00f6ntemler; zihin organizasyonu, hat\u0131rlama, n\u00f6ral kodlama ve psikolojik iyilik h\u00e2li \u00fczerine yo\u011funla\u015f\u0131r.<\/p>\n\n\n\n<p>Ali Altuncevahir, \u201cB\u00fct\u00fcnsel Sanat Tekni\u011fi\u201d ba\u015fl\u0131\u011f\u0131 alt\u0131nda verdi\u011fi seminer ve konu\u015fmalarda; sanat, bilim, psikoloji ve teknolojiyi kesi\u015fimsel bir yakla\u015f\u0131mla ele al\u0131r. \u00dcniversitelerde ve \u00e7e\u015fitli kamusal platformlarda yapt\u0131\u011f\u0131 sunumlarla, sanat\u0131n yaln\u0131zca estetik de\u011fil ayn\u0131 zamanda iyile\u015ftirici, d\u00f6n\u00fc\u015ft\u00fcr\u00fcc\u00fc ve yap\u0131land\u0131r\u0131c\u0131 bir g\u00fc\u00e7 oldu\u011funu vurgular.<\/p>\n\n\n\n<p>\u00c7al\u0131\u015fmalar\u0131n\u0131; disiplin, etik, a\u00e7\u0131kl\u0131k ve deneyime dayal\u0131 \u00fcretim ilkeleriyle s\u00fcrd\u00fcrmekte; sanat\u0131n insanla, toplumla ve zamanla kurdu\u011fu ba\u011f\u0131 canl\u0131 tutmay\u0131 ama\u00e7lamaktad\u0131r.<\/p>\n","protected":false},"excerpt":{"rendered":"<p>Ali Altuncevahir; m\u00fczik, ses teknolojileri, enstr\u00fcman bak\u0131m ve akort teknikleri alanlar\u0131nda uzmanla\u015fm\u0131\u015f bir sanat\u00e7\u0131, yazar ve uygulay\u0131c\u0131d\u0131r. Uzun y\u0131llard\u0131r konser salonlar\u0131, k\u00fclt\u00fcr merkezleri ve akademik ortamlarda aktif olarak \u00e7al\u0131\u015fmakta; sanat\u0131 teknik disiplinle, d\u00fc\u015f\u00fcnceyle ve insan psikolojisiyle birlikte ele almaktad\u0131r. Profesyonel kariyerini \u0130stanbul Atat\u00fcrk K\u00fclt\u00fcr Merkezi\u2019nde (AKM) s\u00fcrd\u00fcrmekte; \u0130stanbul Senfoni Orkestras\u0131 ba\u015fta olmak \u00fczere \u00e7e\u015fitli topluluklar\u0131n &hellip; <\/p>\n<p class=\"link-more\"><a href=\"https:\/\/www.alionline.web.tr\/index.php\/turkce\/\" class=\"more-link\">Continue reading<span class=\"screen-reader-text\"> &#8220;T\u00fcrk\u00e7e&#8221;<\/span><\/a><\/p>\n","protected":false},"author":1,"featured_media":0,"parent":0,"menu_order":0,"comment_status":"closed","ping_status":"closed","template":"","meta":{"footnotes":""},"class_list":["post-62","page","type-page","status-publish","hentry"],"_links":{"self":[{"href":"https:\/\/www.alionline.web.tr\/index.php\/wp-json\/wp\/v2\/pages\/62","targetHints":{"allow":["GET"]}}],"collection":[{"href":"https:\/\/www.alionline.web.tr\/index.php\/wp-json\/wp\/v2\/pages"}],"about":[{"href":"https:\/\/www.alionline.web.tr\/index.php\/wp-json\/wp\/v2\/types\/page"}],"author":[{"embeddable":true,"href":"https:\/\/www.alionline.web.tr\/index.php\/wp-json\/wp\/v2\/users\/1"}],"replies":[{"embeddable":true,"href":"https:\/\/www.alionline.web.tr\/index.php\/wp-json\/wp\/v2\/comments?post=62"}],"version-history":[{"count":1,"href":"https:\/\/www.alionline.web.tr\/index.php\/wp-json\/wp\/v2\/pages\/62\/revisions"}],"predecessor-version":[{"id":63,"href":"https:\/\/www.alionline.web.tr\/index.php\/wp-json\/wp\/v2\/pages\/62\/revisions\/63"}],"wp:attachment":[{"href":"https:\/\/www.alionline.web.tr\/index.php\/wp-json\/wp\/v2\/media?parent=62"}],"curies":[{"name":"wp","href":"https:\/\/api.w.org\/{rel}","templated":true}]}}